{"id":2125,"date":"2024-09-12T00:10:15","date_gmt":"2024-09-12T00:10:15","guid":{"rendered":"https:\/\/archersperrotdamois.com\/swap-troc\/page-daccueil\/"},"modified":"2024-09-17T12:37:18","modified_gmt":"2024-09-17T12:37:18","slug":"page-daccueil","status":"publish","type":"page","link":"https:\/\/archersperrotdamois.com\/swap-troc\/page-daccueil\/?lang=fr","title":{"rendered":"Page d&#8217;accueil"},"content":{"rendered":"\t\t<div data-elementor-type=\"wp-page\" data-elementor-id=\"2125\" class=\"elementor elementor-2125 elementor-1744\">\n\t\t\t\t\t\t<section class=\"elementor-section elementor-top-section elementor-element elementor-element-ffeefe2 elementor-section-boxed elementor-section-height-default elementor-section-height-default\" data-id=\"ffeefe2\" data-element_type=\"section\" data-settings=\"{&quot;background_background&quot;:&quot;video&quot;,&quot;background_video_link&quot;:&quot;https:\\\/\\\/www.youtube.com\\\/watch?v=BHACKCNDMW8&quot;,&quot;background_video_start&quot;:10,&quot;background_play_on_mobile&quot;:&quot;yes&quot;}\">\n\t\t\t\t\t\t\t\t<div class=\"elementor-background-video-container\">\n\t\t\t\t\t\t\t\t\t\t\t\t\t<div class=\"elementor-background-video-embed\"><\/div>\n\t\t\t\t\t\t\t\t\t\t\t\t<\/div>\n\t\t\t\t\t\t\t\t\t<div class=\"elementor-background-overlay\"><\/div>\n\t\t\t\t\t\t\t<div class=\"elementor-container elementor-column-gap-extended\">\n\t\t\t\t\t<div class=\"elementor-column elementor-col-33 elementor-top-column elementor-element elementor-element-a5ccbab\" data-id=\"a5ccbab\" data-element_type=\"column\">\n\t\t\t<div class=\"elementor-widget-wrap\">\n\t\t\t\t\t\t\t<\/div>\n\t\t<\/div>\n\t\t\t\t<div class=\"elementor-column elementor-col-33 elementor-top-column elementor-element elementor-element-1cb21b7\" data-id=\"1cb21b7\" data-element_type=\"column\">\n\t\t\t<div class=\"elementor-widget-wrap elementor-element-populated\">\n\t\t\t\t\t\t<div class=\"elementor-element elementor-element-2e7f6da elementor-widget elementor-widget-kc_af_title\" data-id=\"2e7f6da\" data-element_type=\"widget\" data-widget_type=\"kc_af_title.default\">\n\t\t\t\t<div class=\"elementor-widget-container\">\n\t\t\t<div class=\"af-title text-center\">\r\n\t<h1 class=\"af-heading\"><span style=\"color: #fff\">Achat, vente ou troc. Votre ressource pour de l'\u00e9quipement d'archerie de qualit\u00e9.<\/span><\/h1>\r\n\t<p><span style=\"color: #fff\">Parcourez toutes nos annonces et inscivez vous \u00e0 notre infolettre pour recevoir les nouvelles annonces dans votre boite de r\u00e9ception.<\/span><\/p><\/div>\t\t<\/div>\n\t\t\t\t<\/div>\n\t\t\t\t<div class=\"elementor-element elementor-element-489654d elementor-widget elementor-widget-kc_search\" data-id=\"489654d\" data-element_type=\"widget\" data-widget_type=\"kc_search.default\">\n\t\t\t\t<div class=\"elementor-widget-container\">\n\t\t\t\t<div class=\"kc-search \">\r\n\t\t\t\t\r\n\t<form action=\"https:\/\/archersperrotdamois.com\/swap-troc\/browse-ads\/\" class=\"header-search flex-wrap\">\r\n\t\t<div class=\"keyword-wrap\">\r\n\t<input type=\"text\" class=\"form-control\" name=\"keyword\" placeholder=\"Search for...\">\r\n<\/div>\t\t\r\n\r\n\t\r\n\t\t\t<div class=\"header-location\">\r\n\t\t\t<input type=\"text\" class=\"form-control place-lookup location\" name=\"location\" placeholder=\"Located in...\">\r\n\t\t\t<input type=\"hidden\" name=\"latitude\" class=\"latitude\">\r\n\t\t\t<input type=\"hidden\" name=\"longitude\" class=\"longitude\">\t\t\t\r\n\t\t<\/div>\r\n\t\r\n\t\r\n\t\t<div class=\"styled-select\">\r\n\t\t<select name=\"category\">\r\n\t\t<option value=\"\">In Category<\/option>\r\n\t\t\t<\/select>\r\n<\/div>\t\t<a href=\"javascript:void(0);\" class=\"af-button submit-form\">Search<\/a>\t<\/form>\r\n\r\n\t<\/div>\t\r\n\t\t\t<\/div>\n\t\t\t\t<\/div>\n\t\t\t\t\t<\/div>\n\t\t<\/div>\n\t\t\t\t<div class=\"elementor-column elementor-col-33 elementor-top-column elementor-element elementor-element-9ab4fd5\" data-id=\"9ab4fd5\" data-element_type=\"column\">\n\t\t\t<div class=\"elementor-widget-wrap\">\n\t\t\t\t\t\t\t<\/div>\n\t\t<\/div>\n\t\t\t\t\t<\/div>\n\t\t<\/section>\n\t\t\t\t<section class=\"elementor-section elementor-top-section elementor-element elementor-element-c764240 elementor-section-boxed elementor-section-height-default elementor-section-height-default\" data-id=\"c764240\" data-element_type=\"section\">\n\t\t\t\t\t\t<div class=\"elementor-container elementor-column-gap-extended\">\n\t\t\t\t\t<div class=\"elementor-column elementor-col-33 elementor-top-column elementor-element elementor-element-b1c7566\" data-id=\"b1c7566\" data-element_type=\"column\">\n\t\t\t<div class=\"elementor-widget-wrap\">\n\t\t\t\t\t\t\t<\/div>\n\t\t<\/div>\n\t\t\t\t<div class=\"elementor-column elementor-col-33 elementor-top-column elementor-element elementor-element-a8fd598\" data-id=\"a8fd598\" data-element_type=\"column\" data-settings=\"{&quot;background_background&quot;:&quot;classic&quot;}\">\n\t\t\t<div class=\"elementor-widget-wrap elementor-element-populated\">\n\t\t\t\t\t\t\t<\/div>\n\t\t<\/div>\n\t\t\t\t<div class=\"elementor-column elementor-col-33 elementor-top-column elementor-element elementor-element-26111dd\" data-id=\"26111dd\" data-element_type=\"column\">\n\t\t\t<div class=\"elementor-widget-wrap\">\n\t\t\t\t\t\t\t<\/div>\n\t\t<\/div>\n\t\t\t\t\t<\/div>\n\t\t<\/section>\n\t\t\t\t<section class=\"elementor-section elementor-top-section elementor-element elementor-element-dddb5c4 elementor-section-boxed elementor-section-height-default elementor-section-height-default\" data-id=\"dddb5c4\" data-element_type=\"section\">\n\t\t\t\t\t\t<div class=\"elementor-container elementor-column-gap-narrow\">\n\t\t\t\t\t<div class=\"elementor-column elementor-col-100 elementor-top-column elementor-element elementor-element-a8a1658\" data-id=\"a8a1658\" data-element_type=\"column\">\n\t\t\t<div class=\"elementor-widget-wrap\">\n\t\t\t\t\t\t\t<\/div>\n\t\t<\/div>\n\t\t\t\t\t<\/div>\n\t\t<\/section>\n\t\t\t\t<section class=\"elementor-section elementor-top-section elementor-element elementor-element-f1dd514 elementor-section-boxed elementor-section-height-default elementor-section-height-default\" data-id=\"f1dd514\" data-element_type=\"section\">\n\t\t\t\t\t\t<div class=\"elementor-container elementor-column-gap-default\">\n\t\t\t\t\t<div class=\"elementor-column elementor-col-100 elementor-top-column elementor-element elementor-element-b26077a\" data-id=\"b26077a\" data-element_type=\"column\">\n\t\t\t<div class=\"elementor-widget-wrap elementor-element-populated\">\n\t\t\t\t\t\t<div class=\"elementor-element elementor-element-21db9d3 elementor-widget elementor-widget-spacer\" data-id=\"21db9d3\" data-element_type=\"widget\" data-widget_type=\"spacer.default\">\n\t\t\t\t<div class=\"elementor-widget-container\">\n\t\t\t\t\t<div class=\"elementor-spacer\">\n\t\t\t<div class=\"elementor-spacer-inner\"><\/div>\n\t\t<\/div>\n\t\t\t\t<\/div>\n\t\t\t\t<\/div>\n\t\t\t\t\t<\/div>\n\t\t<\/div>\n\t\t\t\t\t<\/div>\n\t\t<\/section>\n\t\t\t\t<\/div>\n\t\t","protected":false},"excerpt":{"rendered":"<p>Achat, vente ou troc. Votre ressource pour de l&#8217;\u00e9quipement d&#8217;archerie de qualit\u00e9. Parcourez toutes nos annonces et inscivez vous \u00e0 notre infolettre pour recevoir les nouvelles annonces dans votre boite de r\u00e9ception. In CategoryAccessories \/ Accessoires&nbsp;&nbsp;Arm and chest guards \/ Prot\u00e8ge-bras et poitrine&nbsp;&nbsp;Arrow Rests \/ Repose-fl\u00e8ches&nbsp;&nbsp;Clicker&nbsp;&nbsp;Equipment Storage \/ Entreposage d\u2019\u00e9quipement&nbsp;&nbsp;Field repair kit \/ Kit de&#8230;<\/p>\n","protected":false},"author":1,"featured_media":0,"parent":0,"menu_order":0,"comment_status":"closed","ping_status":"closed","template":"page-tpl_home.php","meta":{"footnotes":""},"class_list":["post-2125","page","type-page","status-publish","hentry"],"_links":{"self":[{"href":"https:\/\/archersperrotdamois.com\/swap-troc\/wp-json\/wp\/v2\/pages\/2125","targetHints":{"allow":["GET"]}}],"collection":[{"href":"https:\/\/archersperrotdamois.com\/swap-troc\/wp-json\/wp\/v2\/pages"}],"about":[{"href":"https:\/\/archersperrotdamois.com\/swap-troc\/wp-json\/wp\/v2\/types\/page"}],"author":[{"embeddable":true,"href":"https:\/\/archersperrotdamois.com\/swap-troc\/wp-json\/wp\/v2\/users\/1"}],"replies":[{"embeddable":true,"href":"https:\/\/archersperrotdamois.com\/swap-troc\/wp-json\/wp\/v2\/comments?post=2125"}],"version-history":[{"count":7,"href":"https:\/\/archersperrotdamois.com\/swap-troc\/wp-json\/wp\/v2\/pages\/2125\/revisions"}],"predecessor-version":[{"id":2159,"href":"https:\/\/archersperrotdamois.com\/swap-troc\/wp-json\/wp\/v2\/pages\/2125\/revisions\/2159"}],"wp:attachment":[{"href":"https:\/\/archersperrotdamois.com\/swap-troc\/wp-json\/wp\/v2\/media?parent=2125"}],"curies":[{"name":"wp","href":"https:\/\/api.w.org\/{rel}","templated":true}]}}